{"id":2,"date":"2016-05-10T03:48:21","date_gmt":"2016-05-10T03:48:21","guid":{"rendered":"http:\/\/pfaelzerstuben.com\/?page_id=2"},"modified":"2019-08-10T11:11:51","modified_gmt":"2019-08-10T11:11:51","slug":"sample-page","status":"publish","type":"page","link":"http:\/\/pfaelzerstuben.com\/?page_id=2","title":{"rendered":"Restaurant"},"content":{"rendered":"\n<ul class=\"wp-block-gallery columns-1 is-cropped wp-block-gallery-1 is-layout-flex wp-block-gallery-is-layout-flex\"><li class=\"blocks-gallery-item\"><figure><img loading=\"lazy\" decoding=\"async\" width=\"423\" height=\"278\" src=\"http:\/\/pfaelzerstuben.com\/wp-content\/uploads\/2019\/05\/theke1.jpg\" alt=\"\" data-id=\"4271\" data-link=\"http:\/\/pfaelzerstuben.com\/?attachment_id=4271\" class=\"wp-image-4271\" srcset=\"http:\/\/pfaelzerstuben.com\/wp-content\/uploads\/2019\/05\/theke1.jpg 423w, http:\/\/pfaelzerstuben.com\/wp-content\/uploads\/2019\/05\/theke1-300x197.jpg 300w\" sizes=\"(max-width: 423px) 100vw, 423px\" \/><\/figure><\/li><\/ul>\n\n\n\n<p>\n\nWir hei\u00dfen Sie herzlich in unserer Gastst\u00e4tte willkommen und bieten Ihnen einen freundlichen Empfang.\n\n<\/p>\n\n\n\n<ul class=\"wp-block-gallery columns-1 is-cropped wp-block-gallery-2 is-layout-flex wp-block-gallery-is-layout-flex\"><li class=\"blocks-gallery-item\"><figure><img loading=\"lazy\" decoding=\"async\" width=\"450\" height=\"338\" src=\"http:\/\/pfaelzerstuben.com\/wp-content\/uploads\/2019\/05\/rundertisch1.jpg\" alt=\"\" data-id=\"4277\" data-link=\"http:\/\/pfaelzerstuben.com\/?attachment_id=4277\" class=\"wp-image-4277\" srcset=\"http:\/\/pfaelzerstuben.com\/wp-content\/uploads\/2019\/05\/rundertisch1.jpg 450w, http:\/\/pfaelzerstuben.com\/wp-content\/uploads\/2019\/05\/rundertisch1-300x225.jpg 300w\" sizes=\"(max-width: 450px) 100vw, 450px\" \/><\/figure><\/li><\/ul>\n\n\n\n<p>\n\nMit Internationalen Spezialit\u00e4ten m\u00f6chten wir Sie in unserem rustikalen Restaurant verw\u00f6hnen. Das Ambiente im Landhausstil, unsere hervorragende K\u00fcche, vielseitige Fischspezialit\u00e4ten und ein reichhaltiges Salatbuffet garantieren Ihnen einen angenehmen Aufenthalt &#8211; in dem sich unsere G\u00e4ste stets wohlf\u00fchlen.\n\n<\/p>\n\n\n\n<ul class=\"wp-block-gallery columns-1 is-cropped wp-block-gallery-3 is-layout-flex wp-block-gallery-is-layout-flex\"><li class=\"blocks-gallery-item\"><figure><img loading=\"lazy\" decoding=\"async\" width=\"450\" height=\"338\" src=\"http:\/\/pfaelzerstuben.com\/wp-content\/uploads\/2019\/05\/gastraum1.jpg\" alt=\"\" data-id=\"4278\" data-link=\"http:\/\/pfaelzerstuben.com\/?attachment_id=4278\" class=\"wp-image-4278\" srcset=\"http:\/\/pfaelzerstuben.com\/wp-content\/uploads\/2019\/05\/gastraum1.jpg 450w, http:\/\/pfaelzerstuben.com\/wp-content\/uploads\/2019\/05\/gastraum1-300x225.jpg 300w\" sizes=\"(max-width: 450px) 100vw, 450px\" \/><\/figure><\/li><\/ul>\n\n\n\n<p>Probieren Sie eines unserer herausragenden Men\u00fcs. Einige Beispiele finden sie unter&nbsp;Aktuelles.<\/p>\n\n\n\n<p>Auch f\u00fcr Veranstalltungen haben wir die passenden&nbsp;R\u00e4umlichkeiten<\/p>\n\n\n\n<ul class=\"wp-block-gallery columns-3 is-cropped wp-block-gallery-4 is-layout-flex wp-block-gallery-is-layout-flex\"><li class=\"blocks-gallery-item\"><figure><img loading=\"lazy\" decoding=\"async\" width=\"768\" height=\"1024\" src=\"http:\/\/pfaelzerstuben.com\/wp-content\/uploads\/2019\/08\/20181201_174050-2-e1565435273602-768x1024.jpg\" alt=\"\" data-id=\"4428\" data-link=\"http:\/\/pfaelzerstuben.com\/?attachment_id=4428\" class=\"wp-image-4428\" srcset=\"http:\/\/pfaelzerstuben.com\/wp-content\/uploads\/2019\/08\/20181201_174050-2-e1565435273602-768x1024.jpg 768w, http:\/\/pfaelzerstuben.com\/wp-content\/uploads\/2019\/08\/20181201_174050-2-e1565435273602-225x300.jpg 225w\" sizes=\"(max-width: 768px) 100vw, 768px\" \/><figcaption>Festliche Tafel<\/figcaption><\/figure><\/li><li class=\"blocks-gallery-item\"><figure><img loading=\"lazy\" decoding=\"async\" width=\"1024\" height=\"768\" src=\"http:\/\/pfaelzerstuben.com\/wp-content\/uploads\/2019\/08\/20181201_174136-2-e1565435231108-1024x768.jpg\" alt=\"\" data-id=\"4429\" data-link=\"http:\/\/pfaelzerstuben.com\/?attachment_id=4429\" class=\"wp-image-4429\" srcset=\"http:\/\/pfaelzerstuben.com\/wp-content\/uploads\/2019\/08\/20181201_174136-2-e1565435231108-1024x768.jpg 1024w, http:\/\/pfaelzerstuben.com\/wp-content\/uploads\/2019\/08\/20181201_174136-2-e1565435231108-300x225.jpg 300w, http:\/\/pfaelzerstuben.com\/wp-content\/uploads\/2019\/08\/20181201_174136-2-e1565435231108-768x576.jpg 768w\" sizes=\"(max-width: 1024px) 100vw, 1024px\" \/><figcaption>Weihnachten 1<\/figcaption><\/figure><\/li><li class=\"blocks-gallery-item\"><figure><img loading=\"lazy\" decoding=\"async\" width=\"1024\" height=\"768\" src=\"http:\/\/pfaelzerstuben.com\/wp-content\/uploads\/2019\/08\/20181201_174208-2-e1565435254991-1024x768.jpg\" alt=\"\" data-id=\"4430\" data-link=\"http:\/\/pfaelzerstuben.com\/?attachment_id=4430\" class=\"wp-image-4430\" srcset=\"http:\/\/pfaelzerstuben.com\/wp-content\/uploads\/2019\/08\/20181201_174208-2-e1565435254991-1024x768.jpg 1024w, http:\/\/pfaelzerstuben.com\/wp-content\/uploads\/2019\/08\/20181201_174208-2-e1565435254991-300x225.jpg 300w, http:\/\/pfaelzerstuben.com\/wp-content\/uploads\/2019\/08\/20181201_174208-2-e1565435254991-768x576.jpg 768w\" sizes=\"(max-width: 1024px) 100vw, 1024px\" \/><figcaption>Weihnachten 2<\/figcaption><\/figure><\/li><li class=\"blocks-gallery-item\"><figure><img loading=\"lazy\" decoding=\"async\" width=\"1024\" height=\"768\" src=\"http:\/\/pfaelzerstuben.com\/wp-content\/uploads\/2019\/08\/IMG_0138-1024x768.jpg\" alt=\"\" data-id=\"4350\" data-link=\"http:\/\/pfaelzerstuben.com\/?attachment_id=4350\" class=\"wp-image-4350\" srcset=\"http:\/\/pfaelzerstuben.com\/wp-content\/uploads\/2019\/08\/IMG_0138-1024x768.jpg 1024w, http:\/\/pfaelzerstuben.com\/wp-content\/uploads\/2019\/08\/IMG_0138-300x225.jpg 300w, http:\/\/pfaelzerstuben.com\/wp-content\/uploads\/2019\/08\/IMG_0138-768x576.jpg 768w\" sizes=\"(max-width: 1024px) 100vw, 1024px\" \/><figcaption>Salatbuffet<\/figcaption><\/figure><\/li><li class=\"blocks-gallery-item\"><figure><img loading=\"lazy\" decoding=\"async\" width=\"1024\" height=\"768\" src=\"http:\/\/pfaelzerstuben.com\/wp-content\/uploads\/2019\/08\/IMG_0145-1024x768.jpg\" alt=\"\" data-id=\"4351\" data-link=\"http:\/\/pfaelzerstuben.com\/?attachment_id=4351\" class=\"wp-image-4351\" srcset=\"http:\/\/pfaelzerstuben.com\/wp-content\/uploads\/2019\/08\/IMG_0145-1024x768.jpg 1024w, http:\/\/pfaelzerstuben.com\/wp-content\/uploads\/2019\/08\/IMG_0145-300x225.jpg 300w, http:\/\/pfaelzerstuben.com\/wp-content\/uploads\/2019\/08\/IMG_0145-768x576.jpg 768w\" sizes=\"(max-width: 1024px) 100vw, 1024px\" \/><\/figure><\/li><li class=\"blocks-gallery-item\"><figure><img loading=\"lazy\" decoding=\"async\" width=\"1024\" height=\"768\" src=\"http:\/\/pfaelzerstuben.com\/wp-content\/uploads\/2019\/08\/Bau-und-Oktoberfest-011-1024x768.jpg\" alt=\"\" data-id=\"4339\" data-link=\"http:\/\/pfaelzerstuben.com\/?attachment_id=4339\" class=\"wp-image-4339\" srcset=\"http:\/\/pfaelzerstuben.com\/wp-content\/uploads\/2019\/08\/Bau-und-Oktoberfest-011-1024x768.jpg 1024w, http:\/\/pfaelzerstuben.com\/wp-content\/uploads\/2019\/08\/Bau-und-Oktoberfest-011-300x225.jpg 300w, http:\/\/pfaelzerstuben.com\/wp-content\/uploads\/2019\/08\/Bau-und-Oktoberfest-011-768x576.jpg 768w\" sizes=\"(max-width: 1024px) 100vw, 1024px\" \/><figcaption>Unser Nebenzimmer<\/figcaption><\/figure><\/li><li class=\"blocks-gallery-item\"><figure><img loading=\"lazy\" decoding=\"async\" width=\"1024\" height=\"768\" src=\"http:\/\/pfaelzerstuben.com\/wp-content\/uploads\/2019\/08\/Bau-und-Oktoberfest-009-1024x768.jpg\" alt=\"\" data-id=\"4338\" data-link=\"http:\/\/pfaelzerstuben.com\/?attachment_id=4338\" class=\"wp-image-4338\" srcset=\"http:\/\/pfaelzerstuben.com\/wp-content\/uploads\/2019\/08\/Bau-und-Oktoberfest-009-1024x768.jpg 1024w, http:\/\/pfaelzerstuben.com\/wp-content\/uploads\/2019\/08\/Bau-und-Oktoberfest-009-300x225.jpg 300w, http:\/\/pfaelzerstuben.com\/wp-content\/uploads\/2019\/08\/Bau-und-Oktoberfest-009-768x576.jpg 768w\" sizes=\"(max-width: 1024px) 100vw, 1024px\" \/><figcaption>Nebenzimmer<\/figcaption><\/figure><\/li><li class=\"blocks-gallery-item\"><figure><img loading=\"lazy\" decoding=\"async\" width=\"1024\" height=\"768\" src=\"http:\/\/pfaelzerstuben.com\/wp-content\/uploads\/2019\/08\/IMG_0132-1024x768.jpg\" alt=\"\" data-id=\"4348\" data-link=\"http:\/\/pfaelzerstuben.com\/?attachment_id=4348\" class=\"wp-image-4348\" srcset=\"http:\/\/pfaelzerstuben.com\/wp-content\/uploads\/2019\/08\/IMG_0132-1024x768.jpg 1024w, http:\/\/pfaelzerstuben.com\/wp-content\/uploads\/2019\/08\/IMG_0132-300x225.jpg 300w, http:\/\/pfaelzerstuben.com\/wp-content\/uploads\/2019\/08\/IMG_0132-768x576.jpg 768w\" sizes=\"(max-width: 1024px) 100vw, 1024px\" \/><\/figure><\/li><li class=\"blocks-gallery-item\"><figure><img loading=\"lazy\" decoding=\"async\" width=\"1024\" height=\"768\" src=\"http:\/\/pfaelzerstuben.com\/wp-content\/uploads\/2019\/08\/IMG_3473-2-1024x768.jpg\" alt=\"\" data-id=\"4368\" data-link=\"http:\/\/pfaelzerstuben.com\/?attachment_id=4368\" class=\"wp-image-4368\" srcset=\"http:\/\/pfaelzerstuben.com\/wp-content\/uploads\/2019\/08\/IMG_3473-2-1024x768.jpg 1024w, http:\/\/pfaelzerstuben.com\/wp-content\/uploads\/2019\/08\/IMG_3473-2-300x225.jpg 300w, http:\/\/pfaelzerstuben.com\/wp-content\/uploads\/2019\/08\/IMG_3473-2-768x576.jpg 768w\" sizes=\"(max-width: 1024px) 100vw, 1024px\" \/><figcaption>Biergarten<\/figcaption><\/figure><\/li><\/ul>\n","protected":false},"excerpt":{"rendered":"<p>Wir hei\u00dfen Sie herzlich in unserer Gastst\u00e4tte willkommen und bieten Ihnen einen freundlichen Empfang. Mit Internationalen Spezialit\u00e4ten m\u00f6chten wir Sie in unserem rustikalen Restaurant verw\u00f6hnen. Das Ambiente im Landhausstil, unsere hervorragende K\u00fcche, vielseitige Fischspezialit\u00e4ten und ein reichhaltiges Salatbuffet garantieren Ihnen einen angenehmen Aufenthalt &#8211; in dem sich unsere G\u00e4ste stets [&hellip;]<\/p>\n","protected":false},"author":1,"featured_media":0,"parent":0,"menu_order":0,"comment_status":"closed","ping_status":"open","template":"","meta":{"footnotes":""},"_links":{"self":[{"href":"http:\/\/pfaelzerstuben.com\/index.php?rest_route=\/wp\/v2\/pages\/2"}],"collection":[{"href":"http:\/\/pfaelzerstuben.com\/index.php?rest_route=\/wp\/v2\/pages"}],"about":[{"href":"http:\/\/pfaelzerstuben.com\/index.php?rest_route=\/wp\/v2\/types\/page"}],"author":[{"embeddable":true,"href":"http:\/\/pfaelzerstuben.com\/index.php?rest_route=\/wp\/v2\/users\/1"}],"replies":[{"embeddable":true,"href":"http:\/\/pfaelzerstuben.com\/index.php?rest_route=%2Fwp%2Fv2%2Fcomments&post=2"}],"version-history":[{"count":7,"href":"http:\/\/pfaelzerstuben.com\/index.php?rest_route=\/wp\/v2\/pages\/2\/revisions"}],"predecessor-version":[{"id":4432,"href":"http:\/\/pfaelzerstuben.com\/index.php?rest_route=\/wp\/v2\/pages\/2\/revisions\/4432"}],"wp:attachment":[{"href":"http:\/\/pfaelzerstuben.com\/index.php?rest_route=%2Fwp%2Fv2%2Fmedia&parent=2"}],"curies":[{"name":"wp","href":"https:\/\/api.w.org\/{rel}","templated":true}]}}