{"id":4252,"date":"2018-11-12T11:50:12","date_gmt":"2018-11-12T11:50:12","guid":{"rendered":"https:\/\/demo.themeisle.com\/hestia-default\/hestia-front\/"},"modified":"2023-07-20T15:40:13","modified_gmt":"2023-07-20T15:40:13","slug":"hestia-front","status":"publish","type":"page","link":"http:\/\/pfaelzerstuben.com\/","title":{"rendered":"Startseiteneu"},"content":{"rendered":"\n<figure class=\"wp-block-gallery has-nested-images columns-default is-cropped wp-block-gallery-1 is-layout-flex wp-block-gallery-is-layout-flex\"><\/figure>\n\n\n\n<figure class=\"wp-block-table\"><table><tbody><tr><td><strong>\u00d6ffnungszeiten-Restaurant:&nbsp;<br>Sehr verehrte G\u00e4ste &#8211; nach fast 35 Jahren schlie\u00dfen<br>die = Pf\u00e4lzer-Stuben = altersbedingt &#8211;<br>Ich m\u00f6chte mich hiermit nochmals bei Allen bedanken<br>f\u00fcr die langj\u00e4hrige Treue.<br>Dieter Raisch<\/strong><br><\/td><td>Kontakt:&nbsp;<br><br><strong>Langwiedener Stra\u00dfe 5<\/strong><br>66892 Bruchm\u00fchlbach<br><strong>Tel. 06372 \/ 91200&nbsp;<\/strong><br>Fax 06372 \/ 912099&nbsp;<br><strong>e-mail: raisch@pfaelzer-stuben.com<\/strong><\/td><\/tr><\/tbody><\/table><\/figure>\n","protected":false},"excerpt":{"rendered":"<p>\u00d6ffnungszeiten-Restaurant:&nbsp;Sehr verehrte G\u00e4ste &#8211; nach fast 35 Jahren schlie\u00dfendie = Pf\u00e4lzer-Stuben = altersbedingt &#8211;Ich m\u00f6chte mich hiermit nochmals bei Allen bedankenf\u00fcr die langj\u00e4hrige Treue.Dieter Raisch Kontakt:&nbsp; Langwiedener Stra\u00dfe 566892 Bruchm\u00fchlbachTel. 06372 \/ 91200&nbsp;Fax 06372 \/ 912099&nbsp;e-mail: raisch@pfaelzer-stuben.com<\/p>\n","protected":false},"author":1,"featured_media":0,"parent":0,"menu_order":0,"comment_status":"closed","ping_status":"closed","template":"","meta":{"footnotes":""},"_links":{"self":[{"href":"http:\/\/pfaelzerstuben.com\/index.php?rest_route=\/wp\/v2\/pages\/4252"}],"collection":[{"href":"http:\/\/pfaelzerstuben.com\/index.php?rest_route=\/wp\/v2\/pages"}],"about":[{"href":"http:\/\/pfaelzerstuben.com\/index.php?rest_route=\/wp\/v2\/types\/page"}],"author":[{"embeddable":true,"href":"http:\/\/pfaelzerstuben.com\/index.php?rest_route=\/wp\/v2\/users\/1"}],"replies":[{"embeddable":true,"href":"http:\/\/pfaelzerstuben.com\/index.php?rest_route=%2Fwp%2Fv2%2Fcomments&post=4252"}],"version-history":[{"count":10,"href":"http:\/\/pfaelzerstuben.com\/index.php?rest_route=\/wp\/v2\/pages\/4252\/revisions"}],"predecessor-version":[{"id":4470,"href":"http:\/\/pfaelzerstuben.com\/index.php?rest_route=\/wp\/v2\/pages\/4252\/revisions\/4470"}],"wp:attachment":[{"href":"http:\/\/pfaelzerstuben.com\/index.php?rest_route=%2Fwp%2Fv2%2Fmedia&parent=4252"}],"curies":[{"name":"wp","href":"https:\/\/api.w.org\/{rel}","templated":true}]}}