{"id":10,"date":"2019-05-07T11:04:53","date_gmt":"2019-05-07T11:04:53","guid":{"rendered":"http:\/\/pfaelzerstuben.com\/?page_id=10"},"modified":"2023-07-20T15:47:33","modified_gmt":"2023-07-20T15:47:33","slug":"aktuelles-menue","status":"publish","type":"page","link":"https:\/\/pfaelzerstuben.com\/?page_id=10","title":{"rendered":"Restaurant geschlossen"},"content":{"rendered":"\n<p><strong>Nach fast 35 Jahren schlie\u00dfen die Pf\u00e4lzer-Stuben. Ich m\u00f6chte mich hiermit f\u00fcr die langj\u00e4hrige Treue<\/strong><\/p>\n\n\n\n<p><strong>bei Allen bedanken. bleiben Sie bitte alle gesund.<\/strong><\/p>\n\n\n\n<p>D. Raisch<\/p>\n\n\n\n<p><\/p>\n\n\n\n<p><\/p>\n\n\n\n<figure class=\"wp-block-image size-large is-style-default\"><img loading=\"lazy\" decoding=\"async\" width=\"1024\" height=\"768\" src=\"http:\/\/pfaelzerstuben.com\/wp-content\/uploads\/2020\/04\/20190722_200809-e1585840238829-1024x768.jpg\" alt=\"\" class=\"wp-image-4436\" srcset=\"https:\/\/pfaelzerstuben.com\/wp-content\/uploads\/2020\/04\/20190722_200809-e1585840238829-1024x768.jpg 1024w, https:\/\/pfaelzerstuben.com\/wp-content\/uploads\/2020\/04\/20190722_200809-e1585840238829-300x225.jpg 300w, https:\/\/pfaelzerstuben.com\/wp-content\/uploads\/2020\/04\/20190722_200809-e1585840238829-768x576.jpg 768w, https:\/\/pfaelzerstuben.com\/wp-content\/uploads\/2020\/04\/20190722_200809-e1585840238829-1536x1152.jpg 1536w, https:\/\/pfaelzerstuben.com\/wp-content\/uploads\/2020\/04\/20190722_200809-e1585840238829-2048x1536.jpg 2048w\" sizes=\"(max-width: 1024px) 100vw, 1024px\" \/><\/figure>\n","protected":false},"excerpt":{"rendered":"<p>Nach fast 35 Jahren schlie\u00dfen die Pf\u00e4lzer-Stuben. Ich m\u00f6chte mich hiermit f\u00fcr die langj\u00e4hrige Treue bei Allen bedanken. bleiben Sie bitte alle gesund. D. Raisch<\/p>\n","protected":false},"author":1,"featured_media":0,"parent":0,"menu_order":0,"comment_status":"closed","ping_status":"closed","template":"","meta":{"footnotes":""},"_links":{"self":[{"href":"https:\/\/pfaelzerstuben.com\/index.php?rest_route=\/wp\/v2\/pages\/10"}],"collection":[{"href":"https:\/\/pfaelzerstuben.com\/index.php?rest_route=\/wp\/v2\/pages"}],"about":[{"href":"https:\/\/pfaelzerstuben.com\/index.php?rest_route=\/wp\/v2\/types\/page"}],"author":[{"embeddable":true,"href":"https:\/\/pfaelzerstuben.com\/index.php?rest_route=\/wp\/v2\/users\/1"}],"replies":[{"embeddable":true,"href":"https:\/\/pfaelzerstuben.com\/index.php?rest_route=%2Fwp%2Fv2%2Fcomments&post=10"}],"version-history":[{"count":18,"href":"https:\/\/pfaelzerstuben.com\/index.php?rest_route=\/wp\/v2\/pages\/10\/revisions"}],"predecessor-version":[{"id":4472,"href":"https:\/\/pfaelzerstuben.com\/index.php?rest_route=\/wp\/v2\/pages\/10\/revisions\/4472"}],"wp:attachment":[{"href":"https:\/\/pfaelzerstuben.com\/index.php?rest_route=%2Fwp%2Fv2%2Fmedia&parent=10"}],"curies":[{"name":"wp","href":"https:\/\/api.w.org\/{rel}","templated":true}]}}