{"id":18,"date":"2019-05-07T19:38:19","date_gmt":"2019-05-07T19:38:19","guid":{"rendered":"http:\/\/pfaelzerstuben.com\/?page_id=18"},"modified":"2019-05-12T16:55:36","modified_gmt":"2019-05-12T16:55:36","slug":"anfahrt","status":"publish","type":"page","link":"https:\/\/pfaelzerstuben.com\/?page_id=18","title":{"rendered":"Anfahrt"},"content":{"rendered":"\n<p>Anfahrt<\/p>\n\n\n\n<p><\/p>\n\n\n\n<ul class=\"wp-block-gallery columns-1 is-cropped wp-block-gallery-1 is-layout-flex wp-block-gallery-is-layout-flex\"><li class=\"blocks-gallery-item\"><figure><img loading=\"lazy\" decoding=\"async\" width=\"787\" height=\"360\" src=\"http:\/\/pfaelzerstuben.com\/wp-content\/uploads\/2019\/05\/karte.jpg\" alt=\"\" data-id=\"4293\" data-link=\"http:\/\/pfaelzerstuben.com\/?attachment_id=4293\" class=\"wp-image-4293\" srcset=\"https:\/\/pfaelzerstuben.com\/wp-content\/uploads\/2019\/05\/karte.jpg 787w, https:\/\/pfaelzerstuben.com\/wp-content\/uploads\/2019\/05\/karte-300x137.jpg 300w, https:\/\/pfaelzerstuben.com\/wp-content\/uploads\/2019\/05\/karte-768x351.jpg 768w\" sizes=\"(max-width: 787px) 100vw, 787px\" \/><\/figure><\/li><\/ul>\n\n\n\n<p>\n\nSie finden uns in bester zentraler Lage &#8211; nur ca. 10 Minuten von der Air Base Ramstein entfernt. Vom Flughafen Saarbr\u00fccken-Ensheim ca. 20 Minuten. Bruchm\u00fchlbach hat einen eigenen Bahnhof.<\/p>\n\n\n\n<p><br>Von Landstuhl kommend (B40):<\/p>\n\n\n\n<ul><li>durch Hauptstuhl durchfahren<\/li><li>in Bruchm\u00fchlbach bei der ersten Abfahrt links abbiegen<\/li><li>unser Haus liegt auf der linken Stra\u00dfenseite<\/li><\/ul>\n","protected":false},"excerpt":{"rendered":"<p>Anfahrt Sie finden uns in bester zentraler Lage &#8211; nur ca. 10 Minuten von der Air Base Ramstein entfernt. Vom Flughafen Saarbr\u00fccken-Ensheim ca. 20 Minuten. Bruchm\u00fchlbach hat einen eigenen Bahnhof. Von Landstuhl kommend (B40): durch Hauptstuhl durchfahren in Bruchm\u00fchlbach bei der ersten Abfahrt links abbiegen unser Haus liegt auf der [&hellip;]<\/p>\n","protected":false},"author":1,"featured_media":0,"parent":0,"menu_order":0,"comment_status":"closed","ping_status":"closed","template":"","meta":{"footnotes":""},"_links":{"self":[{"href":"https:\/\/pfaelzerstuben.com\/index.php?rest_route=\/wp\/v2\/pages\/18"}],"collection":[{"href":"https:\/\/pfaelzerstuben.com\/index.php?rest_route=\/wp\/v2\/pages"}],"about":[{"href":"https:\/\/pfaelzerstuben.com\/index.php?rest_route=\/wp\/v2\/types\/page"}],"author":[{"embeddable":true,"href":"https:\/\/pfaelzerstuben.com\/index.php?rest_route=\/wp\/v2\/users\/1"}],"replies":[{"embeddable":true,"href":"https:\/\/pfaelzerstuben.com\/index.php?rest_route=%2Fwp%2Fv2%2Fcomments&post=18"}],"version-history":[{"count":3,"href":"https:\/\/pfaelzerstuben.com\/index.php?rest_route=\/wp\/v2\/pages\/18\/revisions"}],"predecessor-version":[{"id":4295,"href":"https:\/\/pfaelzerstuben.com\/index.php?rest_route=\/wp\/v2\/pages\/18\/revisions\/4295"}],"wp:attachment":[{"href":"https:\/\/pfaelzerstuben.com\/index.php?rest_route=%2Fwp%2Fv2%2Fmedia&parent=18"}],"curies":[{"name":"wp","href":"https:\/\/api.w.org\/{rel}","templated":true}]}}